{"id":183,"date":"2017-05-21T18:28:52","date_gmt":"2017-05-21T18:28:52","guid":{"rendered":"https:\/\/victorthemes.com\/themes\/rodich\/?page_id=183"},"modified":"2023-08-07T16:08:47","modified_gmt":"2023-08-07T21:08:47","slug":"contact","status":"publish","type":"page","link":"https:\/\/lacasadeisis.com\/en\/contact\/","title":{"rendered":"Contact"},"content":{"rendered":"<div class=\"wpb-content-wrapper\"><div class=\"vc_row wpb_row vc_row-fluid rodich-dhav-dotted Container-main-contact vc_custom_1691016071813 vc_row-o-equal-height vc_row-flex\"><div class=\"container-info-contact-form wpb_column vc_column_container text-default vc_col-sm-6\"><div class=\"vc_column-inner\"><div class=\"wpb_wrapper\"><h2 style=\"color: #7ebfd5;text-align: left\" class=\"vc_custom_heading vc_do_custom_heading title-responsive\" >Do you have any<br \/>\nquestion?<\/h2>\n\t<div class=\"wpb_text_column wpb_content_element text-contact\" >\n\t\t<div class=\"wpb_wrapper\">\n\t\t\t<p>We are more than happy to help you<\/p>\n\n\t\t<\/div>\n\t<\/div>\n\n\t<div class=\"wpb_text_column wpb_content_element\" >\n\t\t<div class=\"wpb_wrapper\">\n\t\t\t<div class=\"container-info-contact\">\n<div class=\"content-contact\"><img loading=\"lazy\" decoding=\"async\" class=\"alignnone size-full wp-image-1441\" src=\"https:\/\/lacasadeisis.com\/wp-content\/uploads\/2023\/08\/icon-phone.webp\" alt=\"\" width=\"62\" height=\"62\" \/>0034 648052284<\/div>\n<div class=\"content-contact\"><img loading=\"lazy\" decoding=\"async\" class=\"alignnone size-full wp-image-1442\" src=\"https:\/\/lacasadeisis.com\/wp-content\/uploads\/2023\/08\/icon-location.webp\" alt=\"\" width=\"62\" height=\"62\" \/>Address: Carrer L, 1,<br \/>\n03792 l Aspre, Alicante.<\/div>\n<\/div>\n\n\t\t<\/div>\n\t<\/div>\n<\/div><\/div><\/div><div class=\"container-contact-form wpb_column vc_column_container text-default vc_col-sm-6\"><div class=\"vc_column-inner\"><div class=\"wpb_wrapper\">\n<div class=\"wpcf7 no-js\" id=\"wpcf7-f1709-o1\" lang=\"es-EC\" dir=\"ltr\" data-wpcf7-id=\"1709\">\n<div class=\"screen-reader-response\"><p role=\"status\" aria-live=\"polite\" aria-atomic=\"true\"><\/p> <ul><\/ul><\/div>\n<form action=\"\/en\/wp-json\/wp\/v2\/pages\/183#wpcf7-f1709-o1\" method=\"post\" class=\"wpcf7-form init\" aria-label=\"Contact form\" novalidate=\"novalidate\" data-status=\"init\" data-trp-original-action=\"\/en\/wp-json\/wp\/v2\/pages\/183#wpcf7-f1709-o1\">\n<fieldset class=\"hidden-fields-container\"><input type=\"hidden\" name=\"_wpcf7\" value=\"1709\" \/><input type=\"hidden\" name=\"_wpcf7_version\" value=\"6.1.5\" \/><input type=\"hidden\" name=\"_wpcf7_locale\" value=\"es_EC\" \/><input type=\"hidden\" name=\"_wpcf7_unit_tag\" value=\"wpcf7-f1709-o1\" \/><input type=\"hidden\" name=\"_wpcf7_container_post\" value=\"0\" \/><input type=\"hidden\" name=\"_wpcf7_posted_data_hash\" value=\"\" \/>\n<\/fieldset>\n<p><label class=\"input-contact-form\"><br \/>\n<span class=\"wpcf7-form-control-wrap\" data-name=\"your-name\"><input size=\"40\" maxlength=\"400\" class=\"wpcf7-form-control wpcf7-text wpcf7-validates-as-required\" autocomplete=\"name\" aria-required=\"true\" aria-invalid=\"false\" placeholder=\"Name\" value=\"\" type=\"text\" name=\"your-name\" \/><\/span> <\/label>\n<\/p>\n<p><label class=\"input-contact-form\"><br \/>\n<span class=\"wpcf7-form-control-wrap\" data-name=\"your-email\"><input size=\"40\" maxlength=\"400\" class=\"wpcf7-form-control wpcf7-email wpcf7-validates-as-required wpcf7-text wpcf7-validates-as-email\" autocomplete=\"email\" aria-required=\"true\" aria-invalid=\"false\" placeholder=\"Email\" value=\"\" type=\"email\" name=\"your-email\" \/><\/span> <\/label>\n<\/p>\n<p><label class=\"input-contact-form\"><br \/>\n<span class=\"wpcf7-form-control-wrap\" data-name=\"your-subject\"><input size=\"40\" maxlength=\"400\" class=\"wpcf7-form-control wpcf7-text wpcf7-validates-as-required\" aria-required=\"true\" aria-invalid=\"false\" placeholder=\"Subject\" value=\"\" type=\"text\" name=\"your-subject\" \/><\/span> <\/label>\n<\/p>\n<p><label class=\"input-contact-form\"><br \/>\n<span class=\"wpcf7-form-control-wrap\" data-name=\"your-message\"><textarea cols=\"40\" rows=\"10\" maxlength=\"2000\" class=\"wpcf7-form-control wpcf7-textarea\" aria-invalid=\"false\" placeholder=\"Message\" name=\"your-message\"><\/textarea><\/span> <\/label>\n<\/p>\n<div class=\"button-contact\">\n\t<p><input class=\"wpcf7-form-control wpcf7-submit has-spinner\" type=\"submit\" value=\"Send\" \/>\n\t<\/p>\n<\/div><div class=\"wpcf7-response-output\" aria-hidden=\"true\"><\/div>\n<input type=\"hidden\" name=\"trp-form-language\" value=\"en\"\/><\/form>\n<\/div>\n<\/div><\/div><\/div><\/div><div data-vc-full-width=\"true\" data-vc-full-width-init=\"false\" data-vc-stretch-content=\"true\" class=\"vc_row wpb_row vc_row-fluid rodich-dhav-dotted container-map-contact vc_row-no-padding\"><div class=\"wpb_column vc_column_container text-default vc_col-sm-12\"><div class=\"vc_column-inner\"><div class=\"wpb_wrapper\"><div class=\"wpb_gmaps_widget wpb_content_element\"><div class=\"wpb_wrapper\"><div class=\"wpb_map_wraper\"><iframe src=\"https:\/\/www.google.com\/maps\/embed?pb=!1m18!1m12!1m3!1d3110.172612889554!2d-0.054569599999999996!3d38.7826771!2m3!1f0!2f0!3f0!3m2!1i1024!2i768!4f13.1!3m3!1m2!1s0xd61fdfdac95836f%3A0x930b547b06f49d57!2sLa%20Casa%20de%20Isis%2C%20casa%20de%20nacimientos!5e0!3m2!1ses!2sec!4v1691014580146!5m2!1ses!2sec\" width=\"600\" height=\"450\" style=\"border:0;\" allowfullscreen=\"\" loading=\"lazy\" referrerpolicy=\"no-referrer-when-downgrade\"><\/iframe><\/div><\/div><\/div><div class=\"vc_empty_space\"   style=\"height: 52px\"><span class=\"vc_empty_space_inner\"><\/span><\/div><\/div><\/div><\/div><\/div><div class=\"vc_row-full-width vc_clearfix\"><\/div>\n<\/div>","protected":false},"excerpt":{"rendered":"\u00bfTienes alguna pregunta? Estamos encantadas de ayudarte 0034 648052284 Direcci\u00f3n: Carrer Atzavara, 1, 03792 l'Aspre, Alicante.","protected":false},"author":2,"featured_media":0,"parent":0,"menu_order":0,"comment_status":"closed","ping_status":"closed","template":"","meta":{"footnotes":""},"class_list":["post-183","page","type-page","status-publish","hentry"],"yoast_head":"<!-- This site is optimized with the Yoast SEO plugin v27.4 - https:\/\/yoast.com\/product\/yoast-seo-wordpress\/ -->\n<title>Contacto - La Casa de Isis<\/title>\n<meta name=\"description\" content=\"Parir en nuestro hogar promueve la fisiolog\u00eda del parto y que \u00e9ste sea placentero.\" \/>\n<meta name=\"robots\" content=\"index, follow, max-snippet:-1, max-image-preview:large, max-video-preview:-1\" \/>\n<link rel=\"canonical\" href=\"https:\/\/lacasadeisis.com\/en\/contact\/\" \/>\n<meta property=\"og:locale\" content=\"en_US\" \/>\n<meta property=\"og:type\" content=\"article\" \/>\n<meta property=\"og:title\" content=\"Contacto - La Casa de Isis\" \/>\n<meta property=\"og:description\" content=\"Parir en nuestro hogar promueve la fisiolog\u00eda del parto y que \u00e9ste sea placentero.\" \/>\n<meta property=\"og:url\" content=\"https:\/\/lacasadeisis.com\/en\/contact\/\" \/>\n<meta property=\"og:site_name\" content=\"La Casa de Isis\" \/>\n<meta property=\"article:modified_time\" content=\"2023-08-07T21:08:47+00:00\" \/>\n<meta property=\"og:image\" content=\"https:\/\/lacasadeisis.com\/wp-content\/uploads\/2023\/08\/icon-phone.webp\" \/>\n<meta name=\"twitter:card\" content=\"summary_large_image\" \/>\n<script type=\"application\/ld+json\" class=\"yoast-schema-graph\">{\"@context\":\"https:\\\/\\\/schema.org\",\"@graph\":[{\"@type\":\"WebPage\",\"@id\":\"https:\\\/\\\/lacasadeisis.com\\\/contact\\\/\",\"url\":\"https:\\\/\\\/lacasadeisis.com\\\/contact\\\/\",\"name\":\"Contacto - La Casa de Isis\",\"isPartOf\":{\"@id\":\"https:\\\/\\\/lacasadeisis.com\\\/#website\"},\"primaryImageOfPage\":{\"@id\":\"https:\\\/\\\/lacasadeisis.com\\\/contact\\\/#primaryimage\"},\"image\":{\"@id\":\"https:\\\/\\\/lacasadeisis.com\\\/contact\\\/#primaryimage\"},\"thumbnailUrl\":\"https:\\\/\\\/lacasadeisis.com\\\/wp-content\\\/uploads\\\/2023\\\/08\\\/icon-phone.webp\",\"datePublished\":\"2017-05-21T18:28:52+00:00\",\"dateModified\":\"2023-08-07T21:08:47+00:00\",\"description\":\"Parir en nuestro hogar promueve la fisiolog\u00eda del parto y que \u00e9ste sea placentero.\",\"breadcrumb\":{\"@id\":\"https:\\\/\\\/lacasadeisis.com\\\/contact\\\/#breadcrumb\"},\"inLanguage\":\"en-US\",\"potentialAction\":[{\"@type\":\"ReadAction\",\"target\":[\"https:\\\/\\\/lacasadeisis.com\\\/contact\\\/\"]}]},{\"@type\":\"ImageObject\",\"inLanguage\":\"en-US\",\"@id\":\"https:\\\/\\\/lacasadeisis.com\\\/contact\\\/#primaryimage\",\"url\":\"https:\\\/\\\/lacasadeisis.com\\\/wp-content\\\/uploads\\\/2023\\\/08\\\/icon-phone.webp\",\"contentUrl\":\"https:\\\/\\\/lacasadeisis.com\\\/wp-content\\\/uploads\\\/2023\\\/08\\\/icon-phone.webp\"},{\"@type\":\"BreadcrumbList\",\"@id\":\"https:\\\/\\\/lacasadeisis.com\\\/contact\\\/#breadcrumb\",\"itemListElement\":[{\"@type\":\"ListItem\",\"position\":1,\"name\":\"Inicio\",\"item\":\"https:\\\/\\\/lacasadeisis.com\\\/\"},{\"@type\":\"ListItem\",\"position\":2,\"name\":\"Contacto\"}]},{\"@type\":\"WebSite\",\"@id\":\"https:\\\/\\\/lacasadeisis.com\\\/#website\",\"url\":\"https:\\\/\\\/lacasadeisis.com\\\/\",\"name\":\"La Casa de Isis\",\"description\":\"Cuando el nacimiento se desarrolla en un ambiente donde la mujer se siente tranquila, segura y no observada, las hormonas del parto fluyen con facilidad. Parir en nuestro hogar promueve la fisiolog\u00eda del parto y que \u00e9ste sea placentero. Los beb\u00e9s que nacen acompa\u00f1ados conscientemente de sus mam\u00e1s en un parto natural y placentero llegan cargados de hormonas y endorfinas que le proporcionan una experiencia cumbre y un enorme sentido de bienestar al nacer; esta experiencia les ayuda a mantener \u00edntegra su capacidad de Amar.\",\"publisher\":{\"@id\":\"https:\\\/\\\/lacasadeisis.com\\\/#organization\"},\"potentialAction\":[{\"@type\":\"SearchAction\",\"target\":{\"@type\":\"EntryPoint\",\"urlTemplate\":\"https:\\\/\\\/lacasadeisis.com\\\/?s={search_term_string}\"},\"query-input\":{\"@type\":\"PropertyValueSpecification\",\"valueRequired\":true,\"valueName\":\"search_term_string\"}}],\"inLanguage\":\"en-US\"},{\"@type\":\"Organization\",\"@id\":\"https:\\\/\\\/lacasadeisis.com\\\/#organization\",\"name\":\"La Casa de Isis\",\"url\":\"https:\\\/\\\/lacasadeisis.com\\\/\",\"logo\":{\"@type\":\"ImageObject\",\"inLanguage\":\"en-US\",\"@id\":\"https:\\\/\\\/lacasadeisis.com\\\/#\\\/schema\\\/logo\\\/image\\\/\",\"url\":\"https:\\\/\\\/lacasadeisis.com\\\/wp-content\\\/uploads\\\/2023\\\/08\\\/logo.webp\",\"contentUrl\":\"https:\\\/\\\/lacasadeisis.com\\\/wp-content\\\/uploads\\\/2023\\\/08\\\/logo.webp\",\"width\":468,\"height\":224,\"caption\":\"La Casa de Isis\"},\"image\":{\"@id\":\"https:\\\/\\\/lacasadeisis.com\\\/#\\\/schema\\\/logo\\\/image\\\/\"}}]}<\/script>\n<!-- \/ Yoast SEO plugin. -->","yoast_head_json":{"title":"Contacto - La Casa de Isis","description":"Parir en nuestro hogar promueve la fisiolog\u00eda del parto y que \u00e9ste sea placentero.","robots":{"index":"index","follow":"follow","max-snippet":"max-snippet:-1","max-image-preview":"max-image-preview:large","max-video-preview":"max-video-preview:-1"},"canonical":"https:\/\/lacasadeisis.com\/en\/contact\/","og_locale":"en_US","og_type":"article","og_title":"Contacto - La Casa de Isis","og_description":"Parir en nuestro hogar promueve la fisiolog\u00eda del parto y que \u00e9ste sea placentero.","og_url":"https:\/\/lacasadeisis.com\/en\/contact\/","og_site_name":"La Casa de Isis","article_modified_time":"2023-08-07T21:08:47+00:00","og_image":[{"url":"https:\/\/lacasadeisis.com\/wp-content\/uploads\/2023\/08\/icon-phone.webp","type":"","width":"","height":""}],"twitter_card":"summary_large_image","schema":{"@context":"https:\/\/schema.org","@graph":[{"@type":"WebPage","@id":"https:\/\/lacasadeisis.com\/contact\/","url":"https:\/\/lacasadeisis.com\/contact\/","name":"Contacto - La Casa de Isis","isPartOf":{"@id":"https:\/\/lacasadeisis.com\/#website"},"primaryImageOfPage":{"@id":"https:\/\/lacasadeisis.com\/contact\/#primaryimage"},"image":{"@id":"https:\/\/lacasadeisis.com\/contact\/#primaryimage"},"thumbnailUrl":"https:\/\/lacasadeisis.com\/wp-content\/uploads\/2023\/08\/icon-phone.webp","datePublished":"2017-05-21T18:28:52+00:00","dateModified":"2023-08-07T21:08:47+00:00","description":"Parir en nuestro hogar promueve la fisiolog\u00eda del parto y que \u00e9ste sea placentero.","breadcrumb":{"@id":"https:\/\/lacasadeisis.com\/contact\/#breadcrumb"},"inLanguage":"en-US","potentialAction":[{"@type":"ReadAction","target":["https:\/\/lacasadeisis.com\/contact\/"]}]},{"@type":"ImageObject","inLanguage":"en-US","@id":"https:\/\/lacasadeisis.com\/contact\/#primaryimage","url":"https:\/\/lacasadeisis.com\/wp-content\/uploads\/2023\/08\/icon-phone.webp","contentUrl":"https:\/\/lacasadeisis.com\/wp-content\/uploads\/2023\/08\/icon-phone.webp"},{"@type":"BreadcrumbList","@id":"https:\/\/lacasadeisis.com\/contact\/#breadcrumb","itemListElement":[{"@type":"ListItem","position":1,"name":"Inicio","item":"https:\/\/lacasadeisis.com\/"},{"@type":"ListItem","position":2,"name":"Contacto"}]},{"@type":"WebSite","@id":"https:\/\/lacasadeisis.com\/#website","url":"https:\/\/lacasadeisis.com\/","name":"La Casa de Isis","description":"When childbirth unfolds in an environment where the woman feels calm, safe and unobserved, the hormones of birth flow easily. Giving birth in our home promotes the physiology of birth and makes it pleasurable. Babies born with the conscious accompaniment of their mothers in a natural and pleasurable birth come loaded with hormones such as endorphins that provide them with a peak experience and a tremendous sense of well-being at birth; this experience helps them maintain their full capacity to love.","publisher":{"@id":"https:\/\/lacasadeisis.com\/#organization"},"potentialAction":[{"@type":"SearchAction","target":{"@type":"EntryPoint","urlTemplate":"https:\/\/lacasadeisis.com\/?s={search_term_string}"},"query-input":{"@type":"PropertyValueSpecification","valueRequired":true,"valueName":"search_term_string"}}],"inLanguage":"en-US"},{"@type":"Organization","@id":"https:\/\/lacasadeisis.com\/#organization","name":"La Casa de Isis","url":"https:\/\/lacasadeisis.com\/","logo":{"@type":"ImageObject","inLanguage":"en-US","@id":"https:\/\/lacasadeisis.com\/#\/schema\/logo\/image\/","url":"https:\/\/lacasadeisis.com\/wp-content\/uploads\/2023\/08\/logo.webp","contentUrl":"https:\/\/lacasadeisis.com\/wp-content\/uploads\/2023\/08\/logo.webp","width":468,"height":224,"caption":"La Casa de Isis"},"image":{"@id":"https:\/\/lacasadeisis.com\/#\/schema\/logo\/image\/"}}]}},"_links":{"self":[{"href":"https:\/\/lacasadeisis.com\/en\/wp-json\/wp\/v2\/pages\/183","targetHints":{"allow":["GET"]}}],"collection":[{"href":"https:\/\/lacasadeisis.com\/en\/wp-json\/wp\/v2\/pages"}],"about":[{"href":"https:\/\/lacasadeisis.com\/en\/wp-json\/wp\/v2\/types\/page"}],"author":[{"embeddable":true,"href":"https:\/\/lacasadeisis.com\/en\/wp-json\/wp\/v2\/users\/2"}],"replies":[{"embeddable":true,"href":"https:\/\/lacasadeisis.com\/en\/wp-json\/wp\/v2\/comments?post=183"}],"version-history":[{"count":0,"href":"https:\/\/lacasadeisis.com\/en\/wp-json\/wp\/v2\/pages\/183\/revisions"}],"wp:attachment":[{"href":"https:\/\/lacasadeisis.com\/en\/wp-json\/wp\/v2\/media?parent=183"}],"curies":[{"name":"wp","href":"https:\/\/api.w.org\/{rel}","templated":true}]}}