{"id":1499,"date":"2023-08-03T09:57:22","date_gmt":"2023-08-03T14:57:22","guid":{"rendered":"https:\/\/lacasadeisis.com\/?page_id=1499"},"modified":"2023-09-21T10:18:42","modified_gmt":"2023-09-21T15:18:42","slug":"relatos-de-partos","status":"publish","type":"page","link":"https:\/\/lacasadeisis.com\/en\/relatos-de-partos\/","title":{"rendered":"Birth stories"},"content":{"rendered":"<div class=\"wpb-content-wrapper\"><div data-vc-full-width=\"true\" data-vc-full-width-init=\"false\" data-vc-stretch-content=\"true\" class=\"vc_row wpb_row vc_row-fluid rodich-dhav-dotted container-relatos vc_row-no-padding\"><div class=\"wpb_column vc_column_container text-default vc_col-sm-12\"><div class=\"vc_column-inner\"><div class=\"wpb_wrapper\"><div class=\"vc_row wpb_row vc_inner vc_row-fluid container-second-relatos vc_column-gap-10 vc_row-o-equal-height vc_row-flex\"><div class=\"wpb_column vc_column_container vc_col-sm-6 vc_col-lg-4 vc_col-md-5 vc_col-xs-11\"><div class=\"vc_column-inner\"><div class=\"wpb_wrapper\">    <div class=\"roch-info-box info-box-relato roch-info-box-69ef9918cd580\">\n      <!-- single service start\\-->\n      <div class=\"roch-custom-col\">\n        <div class=\"roch-fix roch-single-service\">\n                    <!-- single service image start\\-->\n          <img decoding=\"async\" src=\"https:\/\/lacasadeisis.com\/wp-content\/uploads\/2023\/08\/relato-1-370x260.webp\" alt=\"\"><!--\/ end-->\n          <!-- single service caption title start\\-->\n          <h4 class=\"text-uppercase roch-sin-ser-capt-title\">\n            <i class=\"\"><\/i>Carolina Carcardete          <\/h4><!--\/ end-->\n\n          <!-- single service hover caption start\\-->\n\n          <div class=\"roch-sin-ser-caption-hover-warp\">\n            <div class=\"roch-sin-ser-caption-hover\">\n              <h4 class=\"text-uppercase roch-sin-ser-capt-hov-title\">\n                <i class=\"\"><\/i>Carolina Carcardete              <\/h4>\n              <p>Birth<\/p>\n              <a class=\"roch-btn roch-btn-active roch-btn-hover-one\" href=\"https:\/\/lacasadeisis.com\/en\/relatos-de-partos\/carolina-y-maelle\/\"><span>Read<\/span><\/a>            <\/div>\n          <\/div><!--\/ end-->\n        <\/div>\n      <\/div><!--\/ end-->\n    <\/div><!--\/ end-->\n\n  <\/div><\/div><\/div><div class=\"wpb_column vc_column_container vc_col-sm-6 vc_col-lg-4 vc_col-md-5 vc_col-xs-11\"><div class=\"vc_column-inner\"><div class=\"wpb_wrapper\">    <div class=\"roch-info-box info-box-relato roch-info-box-69ef9918cd847\">\n      <!-- single service start\\-->\n      <div class=\"roch-custom-col\">\n        <div class=\"roch-fix roch-single-service\">\n                    <!-- single service image start\\-->\n          <img decoding=\"async\" src=\"https:\/\/lacasadeisis.com\/wp-content\/uploads\/2023\/08\/relato-2-370x260.webp\" alt=\"\"><!--\/ end-->\n          <!-- single service caption title start\\-->\n          <h4 class=\"text-uppercase roch-sin-ser-capt-title\">\n            <i class=\"\"><\/i>Anouck          <\/h4><!--\/ end-->\n\n          <!-- single service hover caption start\\-->\n\n          <div class=\"roch-sin-ser-caption-hover-warp\">\n            <div class=\"roch-sin-ser-caption-hover\">\n              <h4 class=\"text-uppercase roch-sin-ser-capt-hov-title\">\n                <i class=\"\"><\/i>Anouck              <\/h4>\n              <p>Birth<\/p>\n              <a class=\"roch-btn roch-btn-active roch-btn-hover-one\" href=\"https:\/\/lacasadeisis.com\/en\/relatos-de-partos\/anouck-y-jonas\/\"><span>Read<\/span><\/a>            <\/div>\n          <\/div><!--\/ end-->\n        <\/div>\n      <\/div><!--\/ end-->\n    <\/div><!--\/ end-->\n\n  <\/div><\/div><\/div><div class=\"wpb_column vc_column_container vc_col-sm-6 vc_col-lg-4 vc_col-md-5 vc_col-xs-11\"><div class=\"vc_column-inner\"><div class=\"wpb_wrapper\">    <div class=\"roch-info-box info-box-relato roch-info-box-69ef9918cda6e\">\n      <!-- single service start\\-->\n      <div class=\"roch-custom-col\">\n        <div class=\"roch-fix roch-single-service\">\n                    <!-- single service image start\\-->\n          <img decoding=\"async\" src=\"https:\/\/lacasadeisis.com\/wp-content\/uploads\/2023\/08\/relato-3-370x260.webp\" alt=\"\"><!--\/ end-->\n          <!-- single service caption title start\\-->\n          <h4 class=\"text-uppercase roch-sin-ser-capt-title\">\n            <i class=\"\"><\/i>Goretti          <\/h4><!--\/ end-->\n\n          <!-- single service hover caption start\\-->\n\n          <div class=\"roch-sin-ser-caption-hover-warp\">\n            <div class=\"roch-sin-ser-caption-hover\">\n              <h4 class=\"text-uppercase roch-sin-ser-capt-hov-title\">\n                <i class=\"\"><\/i>Goretti              <\/h4>\n              <p>Birth<\/p>\n              <a class=\"roch-btn roch-btn-active roch-btn-hover-one\" href=\"https:\/\/lacasadeisis.com\/en\/relatos-de-partos\/goretti-y-aine\/\"><span>Read<\/span><\/a>            <\/div>\n          <\/div><!--\/ end-->\n        <\/div>\n      <\/div><!--\/ end-->\n    <\/div><!--\/ end-->\n\n  <\/div><\/div><\/div><div class=\"wpb_column vc_column_container vc_col-sm-6 vc_col-lg-4 vc_col-md-5 vc_col-xs-11\"><div class=\"vc_column-inner\"><div class=\"wpb_wrapper\">    <div class=\"roch-info-box info-box-relato roch-info-box-69ef9918cdcf8\">\n      <!-- single service start\\-->\n      <div class=\"roch-custom-col\">\n        <div class=\"roch-fix roch-single-service\">\n                    <!-- single service image start\\-->\n          <img decoding=\"async\" src=\"https:\/\/lacasadeisis.com\/wp-content\/uploads\/2023\/08\/relato-4-370x260.webp\" alt=\"\"><!--\/ end-->\n          <!-- single service caption title start\\-->\n          <h4 class=\"text-uppercase roch-sin-ser-capt-title\">\n            <i class=\"\"><\/i>Bea and Kora          <\/h4><!--\/ end-->\n\n          <!-- single service hover caption start\\-->\n\n          <div class=\"roch-sin-ser-caption-hover-warp\">\n            <div class=\"roch-sin-ser-caption-hover\">\n              <h4 class=\"text-uppercase roch-sin-ser-capt-hov-title\">\n                <i class=\"\"><\/i>Bea and Kora              <\/h4>\n              <p>Birth<\/p>\n              <a class=\"roch-btn roch-btn-active roch-btn-hover-one\" href=\"https:\/\/lacasadeisis.com\/en\/relatos-de-partos\/beatriz-y-kora\/\"><span>Read<\/span><\/a>            <\/div>\n          <\/div><!--\/ end-->\n        <\/div>\n      <\/div><!--\/ end-->\n    <\/div><!--\/ end-->\n\n  <\/div><\/div><\/div><div class=\"wpb_column vc_column_container vc_col-sm-6 vc_col-lg-4 vc_col-md-5 vc_col-xs-11\"><div class=\"vc_column-inner\"><div class=\"wpb_wrapper\">    <div class=\"roch-info-box info-box-relato roch-info-box-69ef9918cdf54\">\n      <!-- single service start\\-->\n      <div class=\"roch-custom-col\">\n        <div class=\"roch-fix roch-single-service\">\n                    <!-- single service image start\\-->\n          <img decoding=\"async\" src=\"https:\/\/lacasadeisis.com\/wp-content\/uploads\/2023\/08\/relato-5-370x260.webp\" alt=\"\"><!--\/ end-->\n          <!-- single service caption title start\\-->\n          <h4 class=\"text-uppercase roch-sin-ser-capt-title\">\n            <i class=\"\"><\/i>Isabel and Onara          <\/h4><!--\/ end-->\n\n          <!-- single service hover caption start\\-->\n\n          <div class=\"roch-sin-ser-caption-hover-warp\">\n            <div class=\"roch-sin-ser-caption-hover\">\n              <h4 class=\"text-uppercase roch-sin-ser-capt-hov-title\">\n                <i class=\"\"><\/i>Isabel and Onara              <\/h4>\n              <p>Birth<\/p>\n              <a class=\"roch-btn roch-btn-active roch-btn-hover-one\" href=\"https:\/\/lacasadeisis.com\/en\/relatos-de-partos\/isabel-y-onara\/\"><span>Read<\/span><\/a>            <\/div>\n          <\/div><!--\/ end-->\n        <\/div>\n      <\/div><!--\/ end-->\n    <\/div><!--\/ end-->\n\n  <\/div><\/div><\/div><div class=\"wpb_column vc_column_container vc_col-sm-6 vc_col-lg-4 vc_col-md-5 vc_col-xs-11\"><div class=\"vc_column-inner\"><div class=\"wpb_wrapper\">    <div class=\"roch-info-box info-box-relato roch-info-box-69ef9918ce16d\">\n      <!-- single service start\\-->\n      <div class=\"roch-custom-col\">\n        <div class=\"roch-fix roch-single-service\">\n                    <!-- single service image start\\-->\n          <img decoding=\"async\" src=\"https:\/\/lacasadeisis.com\/wp-content\/uploads\/2023\/08\/realato-10-370x260.webp\" alt=\"\"><!--\/ end-->\n          <!-- single service caption title start\\-->\n          <h4 class=\"text-uppercase roch-sin-ser-capt-title\">\n            <i class=\"\"><\/i>Sammie and Simone          <\/h4><!--\/ end-->\n\n          <!-- single service hover caption start\\-->\n\n          <div class=\"roch-sin-ser-caption-hover-warp\">\n            <div class=\"roch-sin-ser-caption-hover\">\n              <h4 class=\"text-uppercase roch-sin-ser-capt-hov-title\">\n                <i class=\"\"><\/i>Sammie and Simone              <\/h4>\n              <p>Birth<\/p>\n              <a class=\"roch-btn roch-btn-active roch-btn-hover-one\" href=\"https:\/\/lacasadeisis.com\/en\/relatos-de-partos\/sammie-y-simone\/\"><span>Read<\/span><\/a>            <\/div>\n          <\/div><!--\/ end-->\n        <\/div>\n      <\/div><!--\/ end-->\n    <\/div><!--\/ end-->\n\n  <\/div><\/div><\/div><div class=\"wpb_column vc_column_container vc_col-sm-6 vc_col-lg-4 vc_col-md-5 vc_col-xs-11\"><div class=\"vc_column-inner\"><div class=\"wpb_wrapper\">    <div class=\"roch-info-box info-box-relato roch-info-box-69ef9918ce376\">\n      <!-- single service start\\-->\n      <div class=\"roch-custom-col\">\n        <div class=\"roch-fix roch-single-service\">\n                    <!-- single service image start\\-->\n          <img decoding=\"async\" src=\"https:\/\/lacasadeisis.com\/wp-content\/uploads\/2023\/08\/relato-7-370x260.webp\" alt=\"\"><!--\/ end-->\n          <!-- single service caption title start\\-->\n          <h4 class=\"text-uppercase roch-sin-ser-capt-title\">\n            <i class=\"\"><\/i>Tanja and Jules          <\/h4><!--\/ end-->\n\n          <!-- single service hover caption start\\-->\n\n          <div class=\"roch-sin-ser-caption-hover-warp\">\n            <div class=\"roch-sin-ser-caption-hover\">\n              <h4 class=\"text-uppercase roch-sin-ser-capt-hov-title\">\n                <i class=\"\"><\/i>Tanja and Jules              <\/h4>\n              <p>Birth<\/p>\n              <a class=\"roch-btn roch-btn-active roch-btn-hover-one\" href=\"https:\/\/lacasadeisis.com\/en\/relatos-de-partos\/tanja-y-jules\/\"><span>Read<\/span><\/a>            <\/div>\n          <\/div><!--\/ end-->\n        <\/div>\n      <\/div><!--\/ end-->\n    <\/div><!--\/ end-->\n\n  <\/div><\/div><\/div><div class=\"wpb_column vc_column_container vc_col-sm-6 vc_col-lg-4 vc_col-md-5 vc_col-xs-11\"><div class=\"vc_column-inner\"><div class=\"wpb_wrapper\">    <div class=\"roch-info-box info-box-relato roch-info-box-69ef9918ce595\">\n      <!-- single service start\\-->\n      <div class=\"roch-custom-col\">\n        <div class=\"roch-fix roch-single-service\">\n                    <!-- single service image start\\-->\n          <img decoding=\"async\" src=\"https:\/\/lacasadeisis.com\/wp-content\/uploads\/2023\/08\/relato-8-370x260.webp\" alt=\"\"><!--\/ end-->\n          <!-- single service caption title start\\-->\n          <h4 class=\"text-uppercase roch-sin-ser-capt-title\">\n            <i class=\"\"><\/i>Emilia          <\/h4><!--\/ end-->\n\n          <!-- single service hover caption start\\-->\n\n          <div class=\"roch-sin-ser-caption-hover-warp\">\n            <div class=\"roch-sin-ser-caption-hover\">\n              <h4 class=\"text-uppercase roch-sin-ser-capt-hov-title\">\n                <i class=\"\"><\/i>Emilia              <\/h4>\n              <p>Birth<\/p>\n              <a class=\"roch-btn roch-btn-active roch-btn-hover-one\" href=\"https:\/\/lacasadeisis.com\/en\/relatos-de-partos\/emilia-y-sage\/\"><span>Read<\/span><\/a>            <\/div>\n          <\/div><!--\/ end-->\n        <\/div>\n      <\/div><!--\/ end-->\n    <\/div><!--\/ end-->\n\n  <\/div><\/div><\/div><div class=\"wpb_column vc_column_container vc_col-sm-6 vc_col-lg-4 vc_col-md-5 vc_col-xs-11\"><div class=\"vc_column-inner\"><div class=\"wpb_wrapper\">    <div class=\"roch-info-box info-box-relato roch-info-box-69ef9918ce7a8\">\n      <!-- single service start\\-->\n      <div class=\"roch-custom-col\">\n        <div class=\"roch-fix roch-single-service\">\n                    <!-- single service image start\\-->\n          <img decoding=\"async\" src=\"https:\/\/lacasadeisis.com\/wp-content\/uploads\/2023\/08\/relato-9-370x260.webp\" alt=\"\"><!--\/ end-->\n          <!-- single service caption title start\\-->\n          <h4 class=\"text-uppercase roch-sin-ser-capt-title\">\n            <i class=\"\"><\/i>Valeria          <\/h4><!--\/ end-->\n\n          <!-- single service hover caption start\\-->\n\n          <div class=\"roch-sin-ser-caption-hover-warp\">\n            <div class=\"roch-sin-ser-caption-hover\">\n              <h4 class=\"text-uppercase roch-sin-ser-capt-hov-title\">\n                <i class=\"\"><\/i>Valeria              <\/h4>\n              <p>Birth<\/p>\n              <a class=\"roch-btn roch-btn-active roch-btn-hover-one\" href=\"https:\/\/lacasadeisis.com\/en\/relatos-de-partos\/valeria-y-dante\/\"><span>Read<\/span><\/a>            <\/div>\n          <\/div><!--\/ end-->\n        <\/div>\n      <\/div><!--\/ end-->\n    <\/div><!--\/ end-->\n\n  <\/div><\/div><\/div><div class=\"wpb_column vc_column_container vc_col-sm-6 vc_col-lg-4 vc_col-md-5 vc_col-xs-11\"><div class=\"vc_column-inner\"><div class=\"wpb_wrapper\"><\/div><\/div><\/div><div class=\"wpb_column vc_column_container vc_col-sm-6 vc_col-lg-4 vc_col-md-5 vc_col-xs-11\"><div class=\"vc_column-inner\"><div class=\"wpb_wrapper\"><\/div><\/div><\/div><div class=\"wpb_column vc_column_container vc_col-sm-6 vc_col-lg-4 vc_col-md-5 vc_col-xs-11\"><div class=\"vc_column-inner\"><div class=\"wpb_wrapper\"><\/div><\/div><\/div><div class=\"wpb_column vc_column_container vc_col-sm-6 vc_col-lg-4 vc_col-md-5 vc_col-xs-11\"><div class=\"vc_column-inner\"><div class=\"wpb_wrapper\"><\/div><\/div><\/div><div class=\"wpb_column vc_column_container vc_col-sm-6 vc_col-lg-4 vc_col-md-5 vc_col-xs-11\"><div class=\"vc_column-inner\"><div class=\"wpb_wrapper\"><\/div><\/div><\/div><div class=\"wpb_column vc_column_container vc_col-sm-6 vc_col-lg-4 vc_col-md-5 vc_col-xs-11\"><div class=\"vc_column-inner\"><div class=\"wpb_wrapper\"><\/div><\/div><\/div><div class=\"wpb_column vc_column_container vc_col-sm-6 vc_col-lg-4 vc_col-md-5 vc_col-xs-11\"><div class=\"vc_column-inner\"><div class=\"wpb_wrapper\"><\/div><\/div><\/div><div class=\"wpb_column vc_column_container vc_col-sm-6 vc_col-lg-4 vc_col-md-5 vc_col-xs-11\"><div class=\"vc_column-inner\"><div class=\"wpb_wrapper\"><\/div><\/div><\/div><div class=\"wpb_column vc_column_container vc_col-sm-6 vc_col-lg-4 vc_col-md-5 vc_col-xs-11\"><div class=\"vc_column-inner\"><div class=\"wpb_wrapper\"><\/div><\/div><\/div><\/div><\/div><\/div><\/div><\/div><div class=\"vc_row-full-width vc_clearfix\"><\/div><div class=\"vc_row wpb_row vc_row-fluid rodich-dhav-dotted\"><div class=\"wpb_column vc_column_container text-default vc_col-sm-12\"><div class=\"vc_column-inner\"><div class=\"wpb_wrapper\"><div class=\"vc_empty_space\"   style=\"height: 40px\"><span class=\"vc_empty_space_inner\"><\/span><\/div><\/div><\/div><\/div><\/div>\n<\/div>","protected":false},"excerpt":{"rendered":"Carolina Carcardete Carolina Carcardete Parto Leer Anouck Anouck Parto Leer Goretti Goretti Parto Leer Bea y Kora Bea y Kora Parto Leer Isabel y Onara Isabel y Onara Parto Leer Sammie y Simone Sammie y Simone Parto Leer Tanja y Jules Tanja y Jules Parto Leer Emilia Emilia Parto Leer Valeria Valeria Parto Leer","protected":false},"author":2,"featured_media":0,"parent":0,"menu_order":0,"comment_status":"closed","ping_status":"closed","template":"","meta":{"footnotes":""},"class_list":["post-1499","page","type-page","status-publish","hentry"],"yoast_head":"<!-- This site is optimized with the Yoast SEO plugin v27.4 - https:\/\/yoast.com\/product\/yoast-seo-wordpress\/ -->\n<title>Relatos de partos - La Casa de Isis<\/title>\n<meta name=\"description\" content=\"Parir en nuestro hogar promueve la fisiolog\u00eda del parto y que \u00e9ste sea placentero.\" \/>\n<meta name=\"robots\" content=\"index, follow, max-snippet:-1, max-image-preview:large, max-video-preview:-1\" \/>\n<link rel=\"canonical\" href=\"https:\/\/lacasadeisis.com\/en\/relatos-de-partos\/\" \/>\n<meta property=\"og:locale\" content=\"en_US\" \/>\n<meta property=\"og:type\" content=\"article\" \/>\n<meta property=\"og:title\" content=\"Relatos de partos - La Casa de Isis\" \/>\n<meta property=\"og:description\" content=\"Parir en nuestro hogar promueve la fisiolog\u00eda del parto y que \u00e9ste sea placentero.\" \/>\n<meta property=\"og:url\" content=\"https:\/\/lacasadeisis.com\/en\/relatos-de-partos\/\" \/>\n<meta property=\"og:site_name\" content=\"La Casa de Isis\" \/>\n<meta property=\"article:modified_time\" content=\"2023-09-21T15:18:42+00:00\" \/>\n<meta property=\"og:image\" content=\"https:\/\/lacasadeisis.com\/wp-content\/uploads\/2023\/08\/logo.webp\" \/>\n\t<meta property=\"og:image:width\" content=\"468\" \/>\n\t<meta property=\"og:image:height\" content=\"224\" \/>\n\t<meta property=\"og:image:type\" content=\"image\/webp\" \/>\n<meta name=\"twitter:card\" content=\"summary_large_image\" \/>\n<script type=\"application\/ld+json\" class=\"yoast-schema-graph\">{\"@context\":\"https:\\\/\\\/schema.org\",\"@graph\":[{\"@type\":\"WebPage\",\"@id\":\"https:\\\/\\\/lacasadeisis.com\\\/relatos-de-partos\\\/\",\"url\":\"https:\\\/\\\/lacasadeisis.com\\\/relatos-de-partos\\\/\",\"name\":\"Relatos de partos - La Casa de Isis\",\"isPartOf\":{\"@id\":\"https:\\\/\\\/lacasadeisis.com\\\/#website\"},\"datePublished\":\"2023-08-03T14:57:22+00:00\",\"dateModified\":\"2023-09-21T15:18:42+00:00\",\"description\":\"Parir en nuestro hogar promueve la fisiolog\u00eda del parto y que \u00e9ste sea placentero.\",\"breadcrumb\":{\"@id\":\"https:\\\/\\\/lacasadeisis.com\\\/relatos-de-partos\\\/#breadcrumb\"},\"inLanguage\":\"en-US\",\"potentialAction\":[{\"@type\":\"ReadAction\",\"target\":[\"https:\\\/\\\/lacasadeisis.com\\\/relatos-de-partos\\\/\"]}]},{\"@type\":\"BreadcrumbList\",\"@id\":\"https:\\\/\\\/lacasadeisis.com\\\/relatos-de-partos\\\/#breadcrumb\",\"itemListElement\":[{\"@type\":\"ListItem\",\"position\":1,\"name\":\"Inicio\",\"item\":\"https:\\\/\\\/lacasadeisis.com\\\/\"},{\"@type\":\"ListItem\",\"position\":2,\"name\":\"Relatos de partos\"}]},{\"@type\":\"WebSite\",\"@id\":\"https:\\\/\\\/lacasadeisis.com\\\/#website\",\"url\":\"https:\\\/\\\/lacasadeisis.com\\\/\",\"name\":\"La Casa de Isis\",\"description\":\"Cuando el nacimiento se desarrolla en un ambiente donde la mujer se siente tranquila, segura y no observada, las hormonas del parto fluyen con facilidad. Parir en nuestro hogar promueve la fisiolog\u00eda del parto y que \u00e9ste sea placentero. Los beb\u00e9s que nacen acompa\u00f1ados conscientemente de sus mam\u00e1s en un parto natural y placentero llegan cargados de hormonas y endorfinas que le proporcionan una experiencia cumbre y un enorme sentido de bienestar al nacer; esta experiencia les ayuda a mantener \u00edntegra su capacidad de Amar.\",\"publisher\":{\"@id\":\"https:\\\/\\\/lacasadeisis.com\\\/#organization\"},\"potentialAction\":[{\"@type\":\"SearchAction\",\"target\":{\"@type\":\"EntryPoint\",\"urlTemplate\":\"https:\\\/\\\/lacasadeisis.com\\\/?s={search_term_string}\"},\"query-input\":{\"@type\":\"PropertyValueSpecification\",\"valueRequired\":true,\"valueName\":\"search_term_string\"}}],\"inLanguage\":\"en-US\"},{\"@type\":\"Organization\",\"@id\":\"https:\\\/\\\/lacasadeisis.com\\\/#organization\",\"name\":\"La Casa de Isis\",\"url\":\"https:\\\/\\\/lacasadeisis.com\\\/\",\"logo\":{\"@type\":\"ImageObject\",\"inLanguage\":\"en-US\",\"@id\":\"https:\\\/\\\/lacasadeisis.com\\\/#\\\/schema\\\/logo\\\/image\\\/\",\"url\":\"https:\\\/\\\/lacasadeisis.com\\\/wp-content\\\/uploads\\\/2023\\\/08\\\/logo.webp\",\"contentUrl\":\"https:\\\/\\\/lacasadeisis.com\\\/wp-content\\\/uploads\\\/2023\\\/08\\\/logo.webp\",\"width\":468,\"height\":224,\"caption\":\"La Casa de Isis\"},\"image\":{\"@id\":\"https:\\\/\\\/lacasadeisis.com\\\/#\\\/schema\\\/logo\\\/image\\\/\"}}]}<\/script>\n<!-- \/ Yoast SEO plugin. -->","yoast_head_json":{"title":"Relatos de partos - La Casa de Isis","description":"Parir en nuestro hogar promueve la fisiolog\u00eda del parto y que \u00e9ste sea placentero.","robots":{"index":"index","follow":"follow","max-snippet":"max-snippet:-1","max-image-preview":"max-image-preview:large","max-video-preview":"max-video-preview:-1"},"canonical":"https:\/\/lacasadeisis.com\/en\/relatos-de-partos\/","og_locale":"en_US","og_type":"article","og_title":"Relatos de partos - La Casa de Isis","og_description":"Parir en nuestro hogar promueve la fisiolog\u00eda del parto y que \u00e9ste sea placentero.","og_url":"https:\/\/lacasadeisis.com\/en\/relatos-de-partos\/","og_site_name":"La Casa de Isis","article_modified_time":"2023-09-21T15:18:42+00:00","og_image":[{"width":468,"height":224,"url":"https:\/\/lacasadeisis.com\/wp-content\/uploads\/2023\/08\/logo.webp","type":"image\/webp"}],"twitter_card":"summary_large_image","schema":{"@context":"https:\/\/schema.org","@graph":[{"@type":"WebPage","@id":"https:\/\/lacasadeisis.com\/relatos-de-partos\/","url":"https:\/\/lacasadeisis.com\/relatos-de-partos\/","name":"Relatos de partos - La Casa de Isis","isPartOf":{"@id":"https:\/\/lacasadeisis.com\/#website"},"datePublished":"2023-08-03T14:57:22+00:00","dateModified":"2023-09-21T15:18:42+00:00","description":"Parir en nuestro hogar promueve la fisiolog\u00eda del parto y que \u00e9ste sea placentero.","breadcrumb":{"@id":"https:\/\/lacasadeisis.com\/relatos-de-partos\/#breadcrumb"},"inLanguage":"en-US","potentialAction":[{"@type":"ReadAction","target":["https:\/\/lacasadeisis.com\/relatos-de-partos\/"]}]},{"@type":"BreadcrumbList","@id":"https:\/\/lacasadeisis.com\/relatos-de-partos\/#breadcrumb","itemListElement":[{"@type":"ListItem","position":1,"name":"Inicio","item":"https:\/\/lacasadeisis.com\/"},{"@type":"ListItem","position":2,"name":"Relatos de partos"}]},{"@type":"WebSite","@id":"https:\/\/lacasadeisis.com\/#website","url":"https:\/\/lacasadeisis.com\/","name":"La Casa de Isis","description":"When childbirth unfolds in an environment where the woman feels calm, safe and unobserved, the hormones of birth flow easily. Giving birth in our home promotes the physiology of birth and makes it pleasurable. Babies born with the conscious accompaniment of their mothers in a natural and pleasurable birth come loaded with hormones such as endorphins that provide them with a peak experience and a tremendous sense of well-being at birth; this experience helps them maintain their full capacity to love.","publisher":{"@id":"https:\/\/lacasadeisis.com\/#organization"},"potentialAction":[{"@type":"SearchAction","target":{"@type":"EntryPoint","urlTemplate":"https:\/\/lacasadeisis.com\/?s={search_term_string}"},"query-input":{"@type":"PropertyValueSpecification","valueRequired":true,"valueName":"search_term_string"}}],"inLanguage":"en-US"},{"@type":"Organization","@id":"https:\/\/lacasadeisis.com\/#organization","name":"La Casa de Isis","url":"https:\/\/lacasadeisis.com\/","logo":{"@type":"ImageObject","inLanguage":"en-US","@id":"https:\/\/lacasadeisis.com\/#\/schema\/logo\/image\/","url":"https:\/\/lacasadeisis.com\/wp-content\/uploads\/2023\/08\/logo.webp","contentUrl":"https:\/\/lacasadeisis.com\/wp-content\/uploads\/2023\/08\/logo.webp","width":468,"height":224,"caption":"La Casa de Isis"},"image":{"@id":"https:\/\/lacasadeisis.com\/#\/schema\/logo\/image\/"}}]}},"_links":{"self":[{"href":"https:\/\/lacasadeisis.com\/en\/wp-json\/wp\/v2\/pages\/1499","targetHints":{"allow":["GET"]}}],"collection":[{"href":"https:\/\/lacasadeisis.com\/en\/wp-json\/wp\/v2\/pages"}],"about":[{"href":"https:\/\/lacasadeisis.com\/en\/wp-json\/wp\/v2\/types\/page"}],"author":[{"embeddable":true,"href":"https:\/\/lacasadeisis.com\/en\/wp-json\/wp\/v2\/users\/2"}],"replies":[{"embeddable":true,"href":"https:\/\/lacasadeisis.com\/en\/wp-json\/wp\/v2\/comments?post=1499"}],"version-history":[{"count":6,"href":"https:\/\/lacasadeisis.com\/en\/wp-json\/wp\/v2\/pages\/1499\/revisions"}],"predecessor-version":[{"id":1944,"href":"https:\/\/lacasadeisis.com\/en\/wp-json\/wp\/v2\/pages\/1499\/revisions\/1944"}],"wp:attachment":[{"href":"https:\/\/lacasadeisis.com\/en\/wp-json\/wp\/v2\/media?parent=1499"}],"curies":[{"name":"wp","href":"https:\/\/api.w.org\/{rel}","templated":true}]}}